{"id":16,"date":"2024-06-14T03:47:23","date_gmt":"2024-06-14T03:47:23","guid":{"rendered":"https:\/\/fundavidaguatemala.org\/?page_id=16"},"modified":"2026-03-16T20:01:46","modified_gmt":"2026-03-16T20:01:46","slug":"donacion","status":"publish","type":"page","link":"https:\/\/fundavidaguatemala.org\/?page_id=16","title":{"rendered":"Donaci\u00f3n"},"content":{"rendered":"\t\t<div data-elementor-type=\"wp-page\" data-elementor-id=\"16\" class=\"elementor elementor-16\">\n\t\t\t\t<div class=\"elementor-element elementor-element-887841d e-flex e-con-boxed e-con e-parent\" data-id=\"887841d\" data-element_type=\"container\" data-e-type=\"container\">\n\t\t\t\t\t<div class=\"e-con-inner\">\n\t\t\t\t<div class=\"elementor-element elementor-element-7f4ecb8 elementor-widget__width-initial elementor-invisible elementor-widget elementor-widget-heading\" data-id=\"7f4ecb8\" data-element_type=\"widget\" data-e-type=\"widget\" data-settings=\"{&quot;_animation&quot;:&quot;fadeInDown&quot;}\" data-widget_type=\"heading.default\">\n\t\t\t\t<div class=\"elementor-widget-container\">\n\t\t\t\t\t<h1 class=\"elementor-heading-title elementor-size-default\">Donaci\u00f3n<\/h1>\t\t\t\t<\/div>\n\t\t\t\t<\/div>\n\t\t\t\t\t<\/div>\n\t\t\t\t<\/div>\n\t\t<div class=\"elementor-element elementor-element-33a1b8a e-con-full e-flex e-con e-parent\" data-id=\"33a1b8a\" data-element_type=\"container\" data-e-type=\"container\" data-settings=\"{&quot;background_background&quot;:&quot;classic&quot;}\">\n\t\t<div class=\"elementor-element elementor-element-32d7d4e e-con-full e-flex e-con e-child\" data-id=\"32d7d4e\" data-element_type=\"container\" data-e-type=\"container\">\n\t\t\t\t<div class=\"elementor-element elementor-element-c33e439 elementor-invisible elementor-widget elementor-widget-heading\" data-id=\"c33e439\" data-element_type=\"widget\" data-e-type=\"widget\" data-settings=\"{&quot;_animation&quot;:&quot;fadeIn&quot;}\" data-widget_type=\"heading.default\">\n\t\t\t\t<div class=\"elementor-widget-container\">\n\t\t\t\t\t<h2 class=\"elementor-heading-title elementor-size-default\">Puedes realizar tus donaciones a:<\/h2>\t\t\t\t<\/div>\n\t\t\t\t<\/div>\n\t\t\t\t<div class=\"elementor-element elementor-element-41155d8 elementor-invisible elementor-widget elementor-widget-image\" data-id=\"41155d8\" data-element_type=\"widget\" data-e-type=\"widget\" data-settings=\"{&quot;_animation&quot;:&quot;fadeInLeft&quot;}\" data-widget_type=\"image.default\">\n\t\t\t\t<div class=\"elementor-widget-container\">\n\t\t\t\t\t\t\t\t\t\t\t\t\t\t\t<img fetchpriority=\"high\" decoding=\"async\" width=\"3333\" height=\"1292\" src=\"https:\/\/fundavidaguatemala.org\/wp-content\/uploads\/2024\/06\/GT-Continental.png\" class=\"attachment-full size-full wp-image-292\" alt=\"\" srcset=\"https:\/\/fundavidaguatemala.org\/wp-content\/uploads\/2024\/06\/GT-Continental.png 3333w, https:\/\/fundavidaguatemala.org\/wp-content\/uploads\/2024\/06\/GT-Continental-300x116.png 300w, https:\/\/fundavidaguatemala.org\/wp-content\/uploads\/2024\/06\/GT-Continental-1024x397.png 1024w, https:\/\/fundavidaguatemala.org\/wp-content\/uploads\/2024\/06\/GT-Continental-768x298.png 768w, https:\/\/fundavidaguatemala.org\/wp-content\/uploads\/2024\/06\/GT-Continental-1536x595.png 1536w, https:\/\/fundavidaguatemala.org\/wp-content\/uploads\/2024\/06\/GT-Continental-2048x794.png 2048w\" sizes=\"(max-width: 3333px) 100vw, 3333px\" \/>\t\t\t\t\t\t\t\t\t\t\t\t\t\t\t<\/div>\n\t\t\t\t<\/div>\n\t\t\t\t<div class=\"elementor-element elementor-element-1326efd elementor-invisible elementor-widget elementor-widget-text-editor\" data-id=\"1326efd\" data-element_type=\"widget\" data-e-type=\"widget\" data-settings=\"{&quot;_animation&quot;:&quot;fadeInUp&quot;}\" data-widget_type=\"text-editor.default\">\n\t\t\t\t<div class=\"elementor-widget-container\">\n\t\t\t\t\t\t\t\t\t<p>Cta. Monetaria en Quetzales<\/p><p>Fundaci\u00f3n Fundavida Contra el sida.<\/p><p>024-0005770-3<\/p>\t\t\t\t\t\t\t\t<\/div>\n\t\t\t\t<\/div>\n\t\t\t\t<\/div>\n\t\t<div class=\"elementor-element elementor-element-1dcf7e3 e-con-full e-flex e-con e-child\" data-id=\"1dcf7e3\" data-element_type=\"container\" data-e-type=\"container\">\n\t\t\t\t<div class=\"elementor-element elementor-element-c2c88c9 elementor-invisible elementor-widget elementor-widget-image\" data-id=\"c2c88c9\" data-element_type=\"widget\" data-e-type=\"widget\" data-settings=\"{&quot;_animation&quot;:&quot;fadeInDown&quot;}\" data-widget_type=\"image.default\">\n\t\t\t\t<div class=\"elementor-widget-container\">\n\t\t\t\t\t\t\t\t\t\t\t\t\t\t\t<img decoding=\"async\" width=\"720\" height=\"480\" src=\"https:\/\/fundavidaguatemala.org\/wp-content\/uploads\/2024\/06\/Donacion-1024x683.jpg\" class=\"attachment-large size-large wp-image-293\" alt=\"\" srcset=\"https:\/\/fundavidaguatemala.org\/wp-content\/uploads\/2024\/06\/Donacion-1024x683.jpg 1024w, https:\/\/fundavidaguatemala.org\/wp-content\/uploads\/2024\/06\/Donacion-300x200.jpg 300w, https:\/\/fundavidaguatemala.org\/wp-content\/uploads\/2024\/06\/Donacion-768x513.jpg 768w, https:\/\/fundavidaguatemala.org\/wp-content\/uploads\/2024\/06\/Donacion-1536x1025.jpg 1536w, https:\/\/fundavidaguatemala.org\/wp-content\/uploads\/2024\/06\/Donacion-2048x1367.jpg 2048w, https:\/\/fundavidaguatemala.org\/wp-content\/uploads\/2024\/06\/Donacion-272x182.jpg 272w\" sizes=\"(max-width: 720px) 100vw, 720px\" \/>\t\t\t\t\t\t\t\t\t\t\t\t\t\t\t<\/div>\n\t\t\t\t<\/div>\n\t\t\t\t<div class=\"elementor-element elementor-element-8fb02c1 elementor-align-center elementor-invisible elementor-widget elementor-widget-button\" data-id=\"8fb02c1\" data-element_type=\"widget\" data-e-type=\"widget\" data-settings=\"{&quot;_animation&quot;:&quot;fadeInUp&quot;}\" data-widget_type=\"button.default\">\n\t\t\t\t<div class=\"elementor-widget-container\">\n\t\t\t\t\t\t\t\t\t<div class=\"elementor-button-wrapper\">\n\t\t\t\t\t<a class=\"elementor-button elementor-button-link elementor-size-sm\" href=\"https:\/\/www.gtc.com.gt\/\" target=\"_blank\">\n\t\t\t\t\t\t<span class=\"elementor-button-content-wrapper\">\n\t\t\t\t\t\t<span class=\"elementor-button-icon\">\n\t\t\t\t<svg aria-hidden=\"true\" class=\"e-font-icon-svg e-fas-child\" viewBox=\"0 0 384 512\" xmlns=\"http:\/\/www.w3.org\/2000\/svg\"><path d=\"M120 72c0-39.765 32.235-72 72-72s72 32.235 72 72c0 39.764-32.235 72-72 72s-72-32.236-72-72zm254.627 1.373c-12.496-12.497-32.758-12.497-45.254 0L242.745 160H141.254L54.627 73.373c-12.496-12.497-32.758-12.497-45.254 0-12.497 12.497-12.497 32.758 0 45.255L104 213.254V480c0 17.673 14.327 32 32 32h16c17.673 0 32-14.327 32-32V368h16v112c0 17.673 14.327 32 32 32h16c17.673 0 32-14.327 32-32V213.254l94.627-94.627c12.497-12.497 12.497-32.757 0-45.254z\"><\/path><\/svg>\t\t\t<\/span>\n\t\t\t\t\t\t\t\t\t<span class=\"elementor-button-text\">Puedes Realizar tu Donativo<\/span>\n\t\t\t\t\t<\/span>\n\t\t\t\t\t<\/a>\n\t\t\t\t<\/div>\n\t\t\t\t\t\t\t\t<\/div>\n\t\t\t\t<\/div>\n\t\t\t\t<\/div>\n\t\t\t\t<\/div>\n\t\t<div class=\"elementor-element elementor-element-c0818ac e-grid e-con-boxed e-con e-parent\" data-id=\"c0818ac\" data-element_type=\"container\" data-e-type=\"container\" data-settings=\"{&quot;background_background&quot;:&quot;classic&quot;}\">\n\t\t\t\t\t<div class=\"e-con-inner\">\n\t\t\t\t<div class=\"elementor-element elementor-element-5eb6e7a elementor-widget elementor-widget-heading\" data-id=\"5eb6e7a\" data-element_type=\"widget\" data-e-type=\"widget\" data-widget_type=\"heading.default\">\n\t\t\t\t<div class=\"elementor-widget-container\">\n\t\t\t\t\t<h2 class=\"elementor-heading-title elementor-size-default\">Encu\u00e9ntranos<\/h2>\t\t\t\t<\/div>\n\t\t\t\t<\/div>\n\t\t\t\t<div class=\"elementor-element elementor-element-9179661 elementor-widget elementor-widget-heading\" data-id=\"9179661\" data-element_type=\"widget\" data-e-type=\"widget\" data-widget_type=\"heading.default\">\n\t\t\t\t<div class=\"elementor-widget-container\">\n\t\t\t\t\t<h2 class=\"elementor-heading-title elementor-size-default\">Cont\u00e1ctanos<\/h2>\t\t\t\t<\/div>\n\t\t\t\t<\/div>\n\t\t\t\t\t<\/div>\n\t\t\t\t<\/div>\n\t\t<div class=\"elementor-element elementor-element-568514f e-grid e-con-full e-con e-parent\" data-id=\"568514f\" data-element_type=\"container\" data-e-type=\"container\" data-settings=\"{&quot;background_background&quot;:&quot;classic&quot;}\">\n\t\t\t\t<div class=\"elementor-element elementor-element-9ec7edb elementor-widget elementor-widget-text-editor\" data-id=\"9ec7edb\" data-element_type=\"widget\" data-e-type=\"widget\" data-widget_type=\"text-editor.default\">\n\t\t\t\t<div class=\"elementor-widget-container\">\n\t\t\t\t\t\t\t\t\t<p>Tel\u00e9fono: (+502) 2313-5236<\/p><p>Correo: fundavidagua@gmail.com<\/p><p>Direcci\u00f3n: 1ra av 11-19, zona 1, Guatemala, Guatemala<\/p>\t\t\t\t\t\t\t\t<\/div>\n\t\t\t\t<\/div>\n\t\t\t\t<div class=\"elementor-element elementor-element-56fba33 elementor-widget elementor-widget-shortcode\" data-id=\"56fba33\" data-element_type=\"widget\" data-e-type=\"widget\" data-widget_type=\"shortcode.default\">\n\t\t\t\t<div class=\"elementor-widget-container\">\n\t\t\t\t\t\t\t<div class=\"elementor-shortcode\"><style id=\"wpforms-css-vars-331\">\n\t\t\t\t#wpforms-331 {\n\t\t\t\t\n\t\t\t}\n\t\t\t<\/style><div class=\"wpforms-container wpforms-container-full wpforms-render-modern\" id=\"wpforms-331\"><form id=\"wpforms-form-331\" class=\"wpforms-validate wpforms-form wpforms-ajax-form\" data-formid=\"331\" method=\"post\" enctype=\"multipart\/form-data\" action=\"\/index.php?rest_route=%2Fwp%2Fv2%2Fpages%2F16\" data-token=\"7d69ce2b7322519c99f624e52043bd76\" data-token-time=\"1777906671\"><noscript class=\"wpforms-error-noscript\">Please enable JavaScript in your browser to complete this form.<\/noscript><div id=\"wpforms-error-noscript\" style=\"display: none;\">Please enable JavaScript in your browser to complete this form.<\/div><div class=\"wpforms-field-container\"><div id=\"wpforms-331-field_0-container\" class=\"wpforms-field wpforms-field-name\" data-field-id=\"0\"><label class=\"wpforms-field-label\" for=\"wpforms-331-field_0\">Nombre completo <span class=\"wpforms-required-label\" aria-hidden=\"true\">*<\/span><\/label><input type=\"text\" id=\"wpforms-331-field_0\" class=\"wpforms-field-medium wpforms-field-required\" name=\"wpforms[fields][0]\" aria-errormessage=\"wpforms-331-field_0-error\" required><\/div><div id=\"wpforms-331-field_1-container\" class=\"wpforms-field wpforms-field-email\" data-field-id=\"1\"><label class=\"wpforms-field-label\" for=\"wpforms-331-field_1\">Correo Electr\u00f3nico   <span class=\"wpforms-required-label\" aria-hidden=\"true\">*<\/span><\/label><input type=\"email\" id=\"wpforms-331-field_1\" class=\"wpforms-field-medium wpforms-field-required\" name=\"wpforms[fields][1]\" spellcheck=\"false\" aria-errormessage=\"wpforms-331-field_1-error\" required><\/div><div id=\"wpforms-331-field_2-container\" class=\"wpforms-field wpforms-field-textarea\" data-field-id=\"2\"><label class=\"wpforms-field-label\" for=\"wpforms-331-field_2\">Comentario o Mensaje<\/label><textarea id=\"wpforms-331-field_2\" class=\"wpforms-field-small\" name=\"wpforms[fields][2]\" aria-errormessage=\"wpforms-331-field_2-error\" ><\/textarea><\/div><\/div><!-- .wpforms-field-container --><div class=\"wpforms-submit-container\" ><input type=\"hidden\" name=\"wpforms[id]\" value=\"331\"><input type=\"hidden\" name=\"page_title\" value=\"\"><input type=\"hidden\" name=\"page_url\" value=\"https:\/\/fundavidaguatemala.org\/index.php?rest_route=\/wp\/v2\/pages\/16\"><input type=\"hidden\" name=\"url_referer\" value=\"\"><button type=\"submit\" name=\"wpforms[submit]\" id=\"wpforms-submit-331\" class=\"wpforms-submit\" data-alt-text=\"Enviando\" data-submit-text=\"Enviar\" aria-live=\"assertive\" value=\"wpforms-submit\">Enviar<\/button><img decoding=\"async\" src=\"https:\/\/fundavidaguatemala.org\/wp-content\/plugins\/wpforms-lite\/assets\/images\/submit-spin.svg\" class=\"wpforms-submit-spinner\" style=\"display: none;\" width=\"26\" height=\"26\" alt=\"Loading\"><\/div><\/form><\/div>  <!-- .wpforms-container --><\/div>\n\t\t\t\t\t\t<\/div>\n\t\t\t\t<\/div>\n\t\t\t\t<\/div>\n\t\t\t\t<\/div>\n\t\t","protected":false},"excerpt":{"rendered":"<p>Donaci\u00f3n Puedes realizar tus donaciones a: Cta. Monetaria en Quetzales Fundaci\u00f3n Fundavida Contra el sida. 024-0005770-3 Puedes Realizar tu Donativo Encu\u00e9ntranos Cont\u00e1ctanos Tel\u00e9fono: (+502) 2313-5236 Correo: fundavidagua@gmail.com Direcci\u00f3n: 1ra av 11-19, zona 1, Guatemala, Guatemala<\/p>\n","protected":false},"author":1,"featured_media":0,"parent":0,"menu_order":0,"comment_status":"closed","ping_status":"closed","template":"","meta":{"footnotes":""},"class_list":["post-16","page","type-page","status-publish","hentry","post"],"yoast_head":"<!-- This site is optimized with the Yoast SEO plugin v27.2 - https:\/\/yoast.com\/product\/yoast-seo-wordpress\/ -->\n<title>Donaci\u00f3n - fundavidaguatemala.org<\/title>\n<meta name=\"robots\" content=\"index, follow, max-snippet:-1, max-image-preview:large, max-video-preview:-1\" \/>\n<link rel=\"canonical\" href=\"https:\/\/fundavidaguatemala.org\/?page_id=16\" \/>\n<meta property=\"og:locale\" content=\"es_ES\" \/>\n<meta property=\"og:type\" content=\"article\" \/>\n<meta property=\"og:title\" content=\"Donaci\u00f3n - fundavidaguatemala.org\" \/>\n<meta property=\"og:description\" content=\"Donaci\u00f3n Puedes realizar tus donaciones a: Cta. Monetaria en Quetzales Fundaci\u00f3n Fundavida Contra el sida. 024-0005770-3 Puedes Realizar tu Donativo Encu\u00e9ntranos Cont\u00e1ctanos Tel\u00e9fono: (+502) 2313-5236 Correo: fundavidagua@gmail.com Direcci\u00f3n: 1ra av 11-19, zona 1, Guatemala, Guatemala\" \/>\n<meta property=\"og:url\" content=\"https:\/\/fundavidaguatemala.org\/?page_id=16\" \/>\n<meta property=\"og:site_name\" content=\"fundavidaguatemala.org\" \/>\n<meta property=\"article:modified_time\" content=\"2026-03-16T20:01:46+00:00\" \/>\n<meta property=\"og:image\" content=\"https:\/\/fundavidaguatemala.org\/wp-content\/uploads\/2024\/06\/GT-Continental.png\" \/>\n\t<meta property=\"og:image:width\" content=\"3333\" \/>\n\t<meta property=\"og:image:height\" content=\"1292\" \/>\n\t<meta property=\"og:image:type\" content=\"image\/png\" \/>\n<meta name=\"twitter:card\" content=\"summary_large_image\" \/>\n<meta name=\"twitter:label1\" content=\"Est. reading time\" \/>\n\t<meta name=\"twitter:data1\" content=\"1 minuto\" \/>\n<script type=\"application\/ld+json\" class=\"yoast-schema-graph\">{\"@context\":\"https:\/\/schema.org\",\"@graph\":[{\"@type\":\"WebPage\",\"@id\":\"https:\/\/fundavidaguatemala.org\/?page_id=16\",\"url\":\"https:\/\/fundavidaguatemala.org\/?page_id=16\",\"name\":\"Donaci\u00f3n - fundavidaguatemala.org\",\"isPartOf\":{\"@id\":\"https:\/\/fundavidaguatemala.org\/#website\"},\"primaryImageOfPage\":{\"@id\":\"https:\/\/fundavidaguatemala.org\/?page_id=16#primaryimage\"},\"image\":{\"@id\":\"https:\/\/fundavidaguatemala.org\/?page_id=16#primaryimage\"},\"thumbnailUrl\":\"https:\/\/fundavidaguatemala.org\/wp-content\/uploads\/2024\/06\/GT-Continental.png\",\"datePublished\":\"2024-06-14T03:47:23+00:00\",\"dateModified\":\"2026-03-16T20:01:46+00:00\",\"breadcrumb\":{\"@id\":\"https:\/\/fundavidaguatemala.org\/?page_id=16#breadcrumb\"},\"inLanguage\":\"es\",\"potentialAction\":[{\"@type\":\"ReadAction\",\"target\":[\"https:\/\/fundavidaguatemala.org\/?page_id=16\"]}]},{\"@type\":\"ImageObject\",\"inLanguage\":\"es\",\"@id\":\"https:\/\/fundavidaguatemala.org\/?page_id=16#primaryimage\",\"url\":\"https:\/\/fundavidaguatemala.org\/wp-content\/uploads\/2024\/06\/GT-Continental.png\",\"contentUrl\":\"https:\/\/fundavidaguatemala.org\/wp-content\/uploads\/2024\/06\/GT-Continental.png\",\"width\":3333,\"height\":1292},{\"@type\":\"BreadcrumbList\",\"@id\":\"https:\/\/fundavidaguatemala.org\/?page_id=16#breadcrumb\",\"itemListElement\":[{\"@type\":\"ListItem\",\"position\":1,\"name\":\"Home\",\"item\":\"https:\/\/fundavidaguatemala.org\/\"},{\"@type\":\"ListItem\",\"position\":2,\"name\":\"Donaci\u00f3n\"}]},{\"@type\":\"WebSite\",\"@id\":\"https:\/\/fundavidaguatemala.org\/#website\",\"url\":\"https:\/\/fundavidaguatemala.org\/\",\"name\":\"fundavidaguatemala.org\",\"description\":\"\",\"publisher\":{\"@id\":\"https:\/\/fundavidaguatemala.org\/#organization\"},\"potentialAction\":[{\"@type\":\"SearchAction\",\"target\":{\"@type\":\"EntryPoint\",\"urlTemplate\":\"https:\/\/fundavidaguatemala.org\/?s={search_term_string}\"},\"query-input\":{\"@type\":\"PropertyValueSpecification\",\"valueRequired\":true,\"valueName\":\"search_term_string\"}}],\"inLanguage\":\"es\"},{\"@type\":\"Organization\",\"@id\":\"https:\/\/fundavidaguatemala.org\/#organization\",\"name\":\"fundavidaguatemala.org\",\"url\":\"https:\/\/fundavidaguatemala.org\/\",\"logo\":{\"@type\":\"ImageObject\",\"inLanguage\":\"es\",\"@id\":\"https:\/\/fundavidaguatemala.org\/#\/schema\/logo\/image\/\",\"url\":\"https:\/\/fundavidaguatemala.org\/wp-content\/uploads\/2025\/12\/cropped-Logo_Fundavida-01.png\",\"contentUrl\":\"https:\/\/fundavidaguatemala.org\/wp-content\/uploads\/2025\/12\/cropped-Logo_Fundavida-01.png\",\"width\":1301,\"height\":1093,\"caption\":\"fundavidaguatemala.org\"},\"image\":{\"@id\":\"https:\/\/fundavidaguatemala.org\/#\/schema\/logo\/image\/\"}}]}<\/script>\n<!-- \/ Yoast SEO plugin. -->","yoast_head_json":{"title":"Donaci\u00f3n - fundavidaguatemala.org","robots":{"index":"index","follow":"follow","max-snippet":"max-snippet:-1","max-image-preview":"max-image-preview:large","max-video-preview":"max-video-preview:-1"},"canonical":"https:\/\/fundavidaguatemala.org\/?page_id=16","og_locale":"es_ES","og_type":"article","og_title":"Donaci\u00f3n - fundavidaguatemala.org","og_description":"Donaci\u00f3n Puedes realizar tus donaciones a: Cta. Monetaria en Quetzales Fundaci\u00f3n Fundavida Contra el sida. 024-0005770-3 Puedes Realizar tu Donativo Encu\u00e9ntranos Cont\u00e1ctanos Tel\u00e9fono: (+502) 2313-5236 Correo: fundavidagua@gmail.com Direcci\u00f3n: 1ra av 11-19, zona 1, Guatemala, Guatemala","og_url":"https:\/\/fundavidaguatemala.org\/?page_id=16","og_site_name":"fundavidaguatemala.org","article_modified_time":"2026-03-16T20:01:46+00:00","og_image":[{"width":3333,"height":1292,"url":"https:\/\/fundavidaguatemala.org\/wp-content\/uploads\/2024\/06\/GT-Continental.png","type":"image\/png"}],"twitter_card":"summary_large_image","twitter_misc":{"Est. reading time":"1 minuto"},"schema":{"@context":"https:\/\/schema.org","@graph":[{"@type":"WebPage","@id":"https:\/\/fundavidaguatemala.org\/?page_id=16","url":"https:\/\/fundavidaguatemala.org\/?page_id=16","name":"Donaci\u00f3n - fundavidaguatemala.org","isPartOf":{"@id":"https:\/\/fundavidaguatemala.org\/#website"},"primaryImageOfPage":{"@id":"https:\/\/fundavidaguatemala.org\/?page_id=16#primaryimage"},"image":{"@id":"https:\/\/fundavidaguatemala.org\/?page_id=16#primaryimage"},"thumbnailUrl":"https:\/\/fundavidaguatemala.org\/wp-content\/uploads\/2024\/06\/GT-Continental.png","datePublished":"2024-06-14T03:47:23+00:00","dateModified":"2026-03-16T20:01:46+00:00","breadcrumb":{"@id":"https:\/\/fundavidaguatemala.org\/?page_id=16#breadcrumb"},"inLanguage":"es","potentialAction":[{"@type":"ReadAction","target":["https:\/\/fundavidaguatemala.org\/?page_id=16"]}]},{"@type":"ImageObject","inLanguage":"es","@id":"https:\/\/fundavidaguatemala.org\/?page_id=16#primaryimage","url":"https:\/\/fundavidaguatemala.org\/wp-content\/uploads\/2024\/06\/GT-Continental.png","contentUrl":"https:\/\/fundavidaguatemala.org\/wp-content\/uploads\/2024\/06\/GT-Continental.png","width":3333,"height":1292},{"@type":"BreadcrumbList","@id":"https:\/\/fundavidaguatemala.org\/?page_id=16#breadcrumb","itemListElement":[{"@type":"ListItem","position":1,"name":"Home","item":"https:\/\/fundavidaguatemala.org\/"},{"@type":"ListItem","position":2,"name":"Donaci\u00f3n"}]},{"@type":"WebSite","@id":"https:\/\/fundavidaguatemala.org\/#website","url":"https:\/\/fundavidaguatemala.org\/","name":"fundavidaguatemala.org","description":"","publisher":{"@id":"https:\/\/fundavidaguatemala.org\/#organization"},"potentialAction":[{"@type":"SearchAction","target":{"@type":"EntryPoint","urlTemplate":"https:\/\/fundavidaguatemala.org\/?s={search_term_string}"},"query-input":{"@type":"PropertyValueSpecification","valueRequired":true,"valueName":"search_term_string"}}],"inLanguage":"es"},{"@type":"Organization","@id":"https:\/\/fundavidaguatemala.org\/#organization","name":"fundavidaguatemala.org","url":"https:\/\/fundavidaguatemala.org\/","logo":{"@type":"ImageObject","inLanguage":"es","@id":"https:\/\/fundavidaguatemala.org\/#\/schema\/logo\/image\/","url":"https:\/\/fundavidaguatemala.org\/wp-content\/uploads\/2025\/12\/cropped-Logo_Fundavida-01.png","contentUrl":"https:\/\/fundavidaguatemala.org\/wp-content\/uploads\/2025\/12\/cropped-Logo_Fundavida-01.png","width":1301,"height":1093,"caption":"fundavidaguatemala.org"},"image":{"@id":"https:\/\/fundavidaguatemala.org\/#\/schema\/logo\/image\/"}}]}},"_links":{"self":[{"href":"https:\/\/fundavidaguatemala.org\/index.php?rest_route=\/wp\/v2\/pages\/16","targetHints":{"allow":["GET"]}}],"collection":[{"href":"https:\/\/fundavidaguatemala.org\/index.php?rest_route=\/wp\/v2\/pages"}],"about":[{"href":"https:\/\/fundavidaguatemala.org\/index.php?rest_route=\/wp\/v2\/types\/page"}],"author":[{"embeddable":true,"href":"https:\/\/fundavidaguatemala.org\/index.php?rest_route=\/wp\/v2\/users\/1"}],"replies":[{"embeddable":true,"href":"https:\/\/fundavidaguatemala.org\/index.php?rest_route=%2Fwp%2Fv2%2Fcomments&post=16"}],"version-history":[{"count":40,"href":"https:\/\/fundavidaguatemala.org\/index.php?rest_route=\/wp\/v2\/pages\/16\/revisions"}],"predecessor-version":[{"id":949,"href":"https:\/\/fundavidaguatemala.org\/index.php?rest_route=\/wp\/v2\/pages\/16\/revisions\/949"}],"wp:attachment":[{"href":"https:\/\/fundavidaguatemala.org\/index.php?rest_route=%2Fwp%2Fv2%2Fmedia&parent=16"}],"curies":[{"name":"wp","href":"https:\/\/api.w.org\/{rel}","templated":true}]}}